{"id":34448,"date":"2021-12-10T10:18:31","date_gmt":"2021-12-10T09:18:31","guid":{"rendered":"https:\/\/www.al-andalushome.com\/contacto\/"},"modified":"2024-06-18T11:18:54","modified_gmt":"2024-06-18T09:18:54","slug":"contacto","status":"publish","type":"page","link":"https:\/\/www.al-andalushome.com\/es\/contacto\/","title":{"rendered":"Contacto"},"content":{"rendered":"\t\t<div data-elementor-type=\"wp-page\" data-elementor-id=\"34448\" class=\"elementor elementor-34448 elementor-29111\">\n\t\t\t\t\t\t<section class=\"elementor-section elementor-top-section elementor-element elementor-element-3102878 elementor-section-stretched section-header elementor-section-boxed elementor-section-height-default elementor-section-height-default\" data-id=\"3102878\" data-element_type=\"section\" data-settings=\"{&quot;stretch_section&quot;:&quot;section-stretched&quot;,&quot;background_background&quot;:&quot;classic&quot;}\">\n\t\t\t\t\t\t\t<div class=\"elementor-background-overlay\"><\/div>\n\t\t\t\t\t\t\t<div class=\"elementor-container elementor-column-gap-no\">\n\t\t\t\t\t<div class=\"elementor-column elementor-col-100 elementor-top-column elementor-element elementor-element-37c740a6\" data-id=\"37c740a6\" data-element_type=\"column\">\n\t\t\t<div class=\"elementor-widget-wrap elementor-element-populated\">\n\t\t\t\t\t\t<div class=\"elementor-element elementor-element-7d3a7696 elementor-widget elementor-widget-heading\" data-id=\"7d3a7696\" data-element_type=\"widget\" data-widget_type=\"heading.default\">\n\t\t\t\t<div class=\"elementor-widget-container\">\n\t\t\t<style>\/*! elementor - v3.19.0 - 07-02-2024 *\/\n.elementor-heading-title{padding:0;margin:0;line-height:1}.elementor-widget-heading .elementor-heading-title[class*=elementor-size-]>a{color:inherit;font-size:inherit;line-height:inherit}.elementor-widget-heading .elementor-heading-title.elementor-size-small{font-size:15px}.elementor-widget-heading .elementor-heading-title.elementor-size-medium{font-size:19px}.elementor-widget-heading .elementor-heading-title.elementor-size-large{font-size:29px}.elementor-widget-heading .elementor-heading-title.elementor-size-xl{font-size:39px}.elementor-widget-heading .elementor-heading-title.elementor-size-xxl{font-size:59px}<\/style><h1 class=\"elementor-heading-title elementor-size-default\">Estamos encantados de poder ayudarte<\/h1>\t\t<\/div>\n\t\t\t\t<\/div>\n\t\t\t\t<div class=\"elementor-element elementor-element-76cc59ba elementor-widget elementor-widget-text-editor\" data-id=\"76cc59ba\" data-element_type=\"widget\" data-widget_type=\"text-editor.default\">\n\t\t\t\t<div class=\"elementor-widget-container\">\n\t\t\t<style>\/*! elementor - v3.19.0 - 07-02-2024 *\/\n.elementor-widget-text-editor.elementor-drop-cap-view-stacked .elementor-drop-cap{background-color:#69727d;color:#fff}.elementor-widget-text-editor.elementor-drop-cap-view-framed .elementor-drop-cap{color:#69727d;border:3px solid;background-color:transparent}.elementor-widget-text-editor:not(.elementor-drop-cap-view-default) .elementor-drop-cap{margin-top:8px}.elementor-widget-text-editor:not(.elementor-drop-cap-view-default) .elementor-drop-cap-letter{width:1em;height:1em}.elementor-widget-text-editor .elementor-drop-cap{float:left;text-align:center;line-height:1;font-size:50px}.elementor-widget-text-editor .elementor-drop-cap-letter{display:inline-block}<\/style>\t\t\t\t<p>Cont\u00e1ctenos hoy y perm\u00edtanos ayudarlo a hacer realidad la casa de sus sue\u00f1os.<\/p>\n\t\t\t\t\t\t<\/div>\n\t\t\t\t<\/div>\n\t\t\t\t\t<\/div>\n\t\t<\/div>\n\t\t\t\t\t<\/div>\n\t\t<\/section>\n\t\t\t\t<section class=\"elementor-section elementor-top-section elementor-element elementor-element-d716d2f elementor-section-stretched elementor-section-boxed elementor-section-height-default elementor-section-height-default\" data-id=\"d716d2f\" data-element_type=\"section\" data-settings=\"{&quot;stretch_section&quot;:&quot;section-stretched&quot;,&quot;background_background&quot;:&quot;classic&quot;}\">\n\t\t\t\t\t\t\t<div class=\"elementor-background-overlay\"><\/div>\n\t\t\t\t\t\t\t<div class=\"elementor-container elementor-column-gap-no\">\n\t\t\t\t\t<div class=\"elementor-column elementor-col-50 elementor-top-column elementor-element elementor-element-7121bc4\" data-id=\"7121bc4\" data-element_type=\"column\">\n\t\t\t<div class=\"elementor-widget-wrap elementor-element-populated\">\n\t\t\t\t\t\t<div class=\"elementor-element elementor-element-4129dce elementor-widget elementor-widget-text-editor\" data-id=\"4129dce\" data-element_type=\"widget\" data-widget_type=\"text-editor.default\">\n\t\t\t\t<div class=\"elementor-widget-container\">\n\t\t\t\t\t\t\t<p>Estamos aqu\u00ed para ayudarle en cada paso del camino P\u00f3ngase en contacto con nosotros y uno de nuestros agentes se comunicar\u00e1 con usted para analizar sus necesidades e iniciar el apasionante proceso de encontrar su nuevo hogar \u00a1Esperamos poder ayudarle a encontrar la propiedad perfecta para usted!<\/p>\n\t\t\t\t\t\t<\/div>\n\t\t\t\t<\/div>\n\t\t\t\t<div class=\"elementor-element elementor-element-77e330e elementor-align-left elementor-icon-list--layout-traditional elementor-list-item-link-full_width elementor-widget elementor-widget-icon-list\" data-id=\"77e330e\" data-element_type=\"widget\" data-widget_type=\"icon-list.default\">\n\t\t\t\t<div class=\"elementor-widget-container\">\n\t\t\t<link rel=\"stylesheet\" href=\"https:\/\/www.al-andalushome.com\/wp-content\/plugins\/elementor\/assets\/css\/widget-icon-list.min.css\">\t\t<ul class=\"elementor-icon-list-items\">\n\t\t\t\t\t\t\t<li class=\"elementor-icon-list-item\">\n\t\t\t\t\t\t\t\t\t\t\t<a href=\"tel:+34603148854\">\n\n\t\t\t\t\t\t\t\t\t\t\t\t<span class=\"elementor-icon-list-icon\">\n\t\t\t\t\t\t\t<svg aria-hidden=\"true\" class=\"e-font-icon-svg e-fas-phone\" viewBox=\"0 0 512 512\" xmlns=\"http:\/\/www.w3.org\/2000\/svg\"><path d=\"M493.4 24.6l-104-24c-11.3-2.6-22.9 3.3-27.5 13.9l-48 112c-4.2 9.8-1.4 21.3 6.9 28l60.6 49.6c-36 76.7-98.9 140.5-177.2 177.2l-49.6-60.6c-6.8-8.3-18.2-11.1-28-6.9l-112 48C3.9 366.5-2 378.1.6 389.4l24 104C27.1 504.2 36.7 512 48 512c256.1 0 464-207.5 464-464 0-11.2-7.7-20.9-18.6-23.4z\"><\/path><\/svg>\t\t\t\t\t\t<\/span>\n\t\t\t\t\t\t\t\t\t\t<span class=\"elementor-icon-list-text\">+34 603 148 854<\/span>\n\t\t\t\t\t\t\t\t\t\t\t<\/a>\n\t\t\t\t\t\t\t\t\t<\/li>\n\t\t\t\t\t\t\t\t<li class=\"elementor-icon-list-item\">\n\t\t\t\t\t\t\t\t\t\t\t<a href=\"mailto:info@al-andalushome.com\">\n\n\t\t\t\t\t\t\t\t\t\t\t\t<span class=\"elementor-icon-list-icon\">\n\t\t\t\t\t\t\t<svg aria-hidden=\"true\" class=\"e-font-icon-svg e-far-envelope\" viewBox=\"0 0 512 512\" xmlns=\"http:\/\/www.w3.org\/2000\/svg\"><path d=\"M464 64H48C21.49 64 0 85.49 0 112v288c0 26.51 21.49 48 48 48h416c26.51 0 48-21.49 48-48V112c0-26.51-21.49-48-48-48zm0 48v40.805c-22.422 18.259-58.168 46.651-134.587 106.49-16.841 13.247-50.201 45.072-73.413 44.701-23.208.375-56.579-31.459-73.413-44.701C106.18 199.465 70.425 171.067 48 152.805V112h416zM48 400V214.398c22.914 18.251 55.409 43.862 104.938 82.646 21.857 17.205 60.134 55.186 103.062 54.955 42.717.231 80.509-37.199 103.053-54.947 49.528-38.783 82.032-64.401 104.947-82.653V400H48z\"><\/path><\/svg>\t\t\t\t\t\t<\/span>\n\t\t\t\t\t\t\t\t\t\t<span class=\"elementor-icon-list-text\">info@al-andalushome.com<\/span>\n\t\t\t\t\t\t\t\t\t\t\t<\/a>\n\t\t\t\t\t\t\t\t\t<\/li>\n\t\t\t\t\t\t<\/ul>\n\t\t\t\t<\/div>\n\t\t\t\t<\/div>\n\t\t\t\t\t<\/div>\n\t\t<\/div>\n\t\t\t\t<div class=\"elementor-column elementor-col-50 elementor-top-column elementor-element elementor-element-750c188\" data-id=\"750c188\" data-element_type=\"column\">\n\t\t\t<div class=\"elementor-widget-wrap elementor-element-populated\">\n\t\t\t\t\t\t<div class=\"elementor-element elementor-element-48e2369 elementor-widget elementor-widget-WpResidence_Contact_Form\" data-id=\"48e2369\" data-element_type=\"widget\" data-widget_type=\"WpResidence_Contact_Form.default\">\n\t\t\t\t<div class=\"elementor-widget-container\">\n\t\t\t<div class=\"shortcode_contact_form sh_form_align_left\">\r\n\r\n       \r\n            <div class=\"alert-message\" id=\"footer_alert-agent-contact_sh\"><\/div>\r\n     \r\n\r\n        <input type=\"text\" style=\"color:!important;background:#FFFFFF!important;\" placeholder=\"Tu nombre\" required=\"required\"   id=\"foot_contact_name_sh\"  name=\"contact_name\" class=\"form-control\" value=\"\" tabindex=\"373\">\r\n        <input type=\"email\" style=\"color:!important;background:#FFFFFF!important;\" required=\"required\" placeholder=\"Tu correo electr\u00f3nico\"  id=\"foot_contact_email_sh\" name=\"contact_email\" class=\"form-control wpestate-form-control-sh\" value=\"\" tabindex=\"374\">\r\n        <input type=\"email\" style=\"color:!important;background:#FFFFFF!important;\" required=\"required\" placeholder=\"Tu tel\u00e9fono\"  id=\"foot_contact_phone_sh\" name=\"contact_phone\" class=\"form-control wpestate-form-control-sh\" value=\"\" tabindex=\"374\">\r\n        <textarea style=\"color:!important;background:#FFFFFF!important;\" placeholder=\"Escriba su mensaje...\" required=\"required\" id=\"foot_contact_content_sh\" name=\"contact_content\" class=\"form-control wpestate-form-control-sh\" rows=\"4\" tabindex=\"375\"><\/textarea>\r\n        <input type=\"hidden\" name=\"contact_ajax_nonce\"        id=\"agent_property_ajax_nonce\"     value=\"9106e9007b\" \/>\r\n            <div class=\"gpr_wrapper\">\r\n                <input type=\"checkbox\" role=\"checkbox\" aria-checked=\"false\" id=\"wpestate_agree_gdpr\" class=\"wpestate_agree_gdpr\" name=\"wpestate_agree_gdpr\" \/>\r\n                <label class=\"wpestate_gdpr_label\" for=\"wpestate_agree_gdpr\">Consiento <a target=\"_blank\" href=\"https:\/\/www.al-andalushome.com\/es\/\">T\u00e9rminos GDPR<\/a><\/label><\/div>  <div class=\"btn-cont\">\r\n            <button type=\"submit\" id=\"btn-cont-submit_sh\" class=\"wpresidence_button sh_but_\">Enviar mensaje<\/button>\r\n\r\n            <input type=\"hidden\" value=\"\" name=\"contact_to\">\r\n            <div class=\"bottom-arrow\"><\/div>\r\n        <\/div>\r\n    <\/div><style>\r\n    .shortcode_contact_form textarea::-webkit-input-placeholder,\r\n    .shortcode_contact_form input::-webkit-input-placeholder {\r\n     color:!important;\";\r\n}\r\n<\/style><script type=\"text\/javascript\">\r\n                \/\/<![CDATA[\r\n                jQuery(document).ready(function(){\r\n                  wpestate_contact_us_shortcode();\r\n                });\r\n                \/\/]]>\r\n            <\/script>\t\t<\/div>\n\t\t\t\t<\/div>\n\t\t\t\t\t<\/div>\n\t\t<\/div>\n\t\t\t\t\t<\/div>\n\t\t<\/section>\n\t\t\t\t<\/div>\n\t\t","protected":false},"excerpt":{"rendered":"<p>Estamos encantados de poder ayudarte Cont\u00e1ctenos hoy y perm\u00edtanos ayudarlo a hacer realidad la casa de sus sue\u00f1os. Estamos aqu\u00ed para ayudarle en cada paso del camino P\u00f3ngase en contacto con nosotros y uno de nuestros agentes se comunicar\u00e1 con usted para analizar sus necesidades e iniciar el apasionante proceso de encontrar su nuevo hogar \u00a1Esperamos poder ayudarle a encontrar la propiedad perfecta para &#8230;<\/p>\n","protected":false},"author":1,"featured_media":0,"parent":0,"menu_order":0,"comment_status":"closed","ping_status":"closed","template":"","meta":{"inline_featured_image":false,"footnotes":""},"class_list":["post-34448","page","type-page","status-publish","hentry"],"_links":{"self":[{"href":"https:\/\/www.al-andalushome.com\/es\/wp-json\/wp\/v2\/pages\/34448","targetHints":{"allow":["GET"]}}],"collection":[{"href":"https:\/\/www.al-andalushome.com\/es\/wp-json\/wp\/v2\/pages"}],"about":[{"href":"https:\/\/www.al-andalushome.com\/es\/wp-json\/wp\/v2\/types\/page"}],"author":[{"embeddable":true,"href":"https:\/\/www.al-andalushome.com\/es\/wp-json\/wp\/v2\/users\/1"}],"replies":[{"embeddable":true,"href":"https:\/\/www.al-andalushome.com\/es\/wp-json\/wp\/v2\/comments?post=34448"}],"version-history":[{"count":8,"href":"https:\/\/www.al-andalushome.com\/es\/wp-json\/wp\/v2\/pages\/34448\/revisions"}],"predecessor-version":[{"id":37590,"href":"https:\/\/www.al-andalushome.com\/es\/wp-json\/wp\/v2\/pages\/34448\/revisions\/37590"}],"wp:attachment":[{"href":"https:\/\/www.al-andalushome.com\/es\/wp-json\/wp\/v2\/media?parent=34448"}],"curies":[{"name":"wp","href":"https:\/\/api.w.org\/{rel}","templated":true}]}}